{"id":639,"date":"2025-06-30T19:41:01","date_gmt":"2025-06-30T17:41:01","guid":{"rendered":"https:\/\/survivalbox.pl\/?page_id=639"},"modified":"2025-06-30T19:45:07","modified_gmt":"2025-06-30T17:45:07","slug":"multitoole-i-narzedzia-wielofunkcyjne","status":"publish","type":"page","link":"https:\/\/survivalbox.pl\/?page_id=639","title":{"rendered":"MULTITOOLE I NARZ\u0118DZIA WIELOFUNKCYJNE"},"content":{"rendered":"\n<div class=\"wp-block-media-text is-stacked-on-mobile\" style=\"grid-template-columns:20% auto\"><figure class=\"wp-block-media-text__media\"><a href=\"https:\/\/survivalbox.pl\/?p=606\"><img loading=\"lazy\" decoding=\"async\" width=\"1024\" height=\"1024\" src=\"http:\/\/survivalbox.pl\/wp-content\/uploads\/2025\/06\/DALL\u00b7E-2025-06-30-19.37.02-A-modern-silver-multitool-displayed-on-a-clean-white-background-in-a-square-format.-The-multitool-is-fully-unfolded-showcasing-its-various-components.webp\" alt=\"Nowoczesny srebrny multitool EDC \u2013 roz\u0142o\u017cone narz\u0119dzie wielofunkcyjne z no\u017cem, kombinerkami i \u015brubokr\u0119tem\" class=\"wp-image-640 size-full\" srcset=\"https:\/\/survivalbox.pl\/wp-content\/uploads\/2025\/06\/DALL\u00b7E-2025-06-30-19.37.02-A-modern-silver-multitool-displayed-on-a-clean-white-background-in-a-square-format.-The-multitool-is-fully-unfolded-showcasing-its-various-components.webp 1024w, https:\/\/survivalbox.pl\/wp-content\/uploads\/2025\/06\/DALL\u00b7E-2025-06-30-19.37.02-A-modern-silver-multitool-displayed-on-a-clean-white-background-in-a-square-format.-The-multitool-is-fully-unfolded-showcasing-its-various-components-300x300.webp 300w, https:\/\/survivalbox.pl\/wp-content\/uploads\/2025\/06\/DALL\u00b7E-2025-06-30-19.37.02-A-modern-silver-multitool-displayed-on-a-clean-white-background-in-a-square-format.-The-multitool-is-fully-unfolded-showcasing-its-various-components-150x150.webp 150w, https:\/\/survivalbox.pl\/wp-content\/uploads\/2025\/06\/DALL\u00b7E-2025-06-30-19.37.02-A-modern-silver-multitool-displayed-on-a-clean-white-background-in-a-square-format.-The-multitool-is-fully-unfolded-showcasing-its-various-components-768x768.webp 768w, https:\/\/survivalbox.pl\/wp-content\/uploads\/2025\/06\/DALL\u00b7E-2025-06-30-19.37.02-A-modern-silver-multitool-displayed-on-a-clean-white-background-in-a-square-format.-The-multitool-is-fully-unfolded-showcasing-its-various-components-450x450.webp 450w, https:\/\/survivalbox.pl\/wp-content\/uploads\/2025\/06\/DALL\u00b7E-2025-06-30-19.37.02-A-modern-silver-multitool-displayed-on-a-clean-white-background-in-a-square-format.-The-multitool-is-fully-unfolded-showcasing-its-various-components-600x600.webp 600w, https:\/\/survivalbox.pl\/wp-content\/uploads\/2025\/06\/DALL\u00b7E-2025-06-30-19.37.02-A-modern-silver-multitool-displayed-on-a-clean-white-background-in-a-square-format.-The-multitool-is-fully-unfolded-showcasing-its-various-components-100x100.webp 100w\" sizes=\"auto, (max-width: 1024px) 100vw, 1024px\" \/><\/a><\/figure><div class=\"wp-block-media-text__content\">\n<p><a href=\"https:\/\/survivalbox.pl\/?p=606\"><strong>Niezast\u0105pione w ka\u017cdej sytuacji \u2013 <\/strong>multitool to kompaktowe narz\u0119dzie, kt\u00f3re \u0142\u0105czy w sobie funkcjonalno\u015b\u0107 wielu przyrz\u0105d\u00f3w w jednej, por\u0119cznej formie. Idealny wyb\u00f3r dla mi\u0142o\u015bnik\u00f3w survivalu, EDC i outdooru. <strong>Kliknij Tutaj<\/strong><\/a><\/p>\n<\/div><\/div>\n\n\n\n<p><\/p>\n","protected":false},"excerpt":{"rendered":"<p>Niezast\u0105pione w ka\u017cdej sytuacji \u2013 multitool to kompaktowe narz\u0119dzie, kt\u00f3re \u0142\u0105czy w sobie funkcjonalno\u015b\u0107 wielu przyrz\u0105d\u00f3w w jednej, por\u0119cznej formie. Idealny wyb\u00f3r dla mi\u0142o\u015bnik\u00f3w survivalu, EDC i outdooru. Kliknij Tutaj<\/p>\n","protected":false},"author":1,"featured_media":0,"parent":0,"menu_order":0,"comment_status":"closed","ping_status":"closed","template":"","meta":{"footnotes":""},"class_list":["post-639","page","type-page","status-publish","hentry"],"_links":{"self":[{"href":"https:\/\/survivalbox.pl\/index.php?rest_route=\/wp\/v2\/pages\/639","targetHints":{"allow":["GET"]}}],"collection":[{"href":"https:\/\/survivalbox.pl\/index.php?rest_route=\/wp\/v2\/pages"}],"about":[{"href":"https:\/\/survivalbox.pl\/index.php?rest_route=\/wp\/v2\/types\/page"}],"author":[{"embeddable":true,"href":"https:\/\/survivalbox.pl\/index.php?rest_route=\/wp\/v2\/users\/1"}],"replies":[{"embeddable":true,"href":"https:\/\/survivalbox.pl\/index.php?rest_route=%2Fwp%2Fv2%2Fcomments&post=639"}],"version-history":[{"count":5,"href":"https:\/\/survivalbox.pl\/index.php?rest_route=\/wp\/v2\/pages\/639\/revisions"}],"predecessor-version":[{"id":647,"href":"https:\/\/survivalbox.pl\/index.php?rest_route=\/wp\/v2\/pages\/639\/revisions\/647"}],"wp:attachment":[{"href":"https:\/\/survivalbox.pl\/index.php?rest_route=%2Fwp%2Fv2%2Fmedia&parent=639"}],"curies":[{"name":"wp","href":"https:\/\/api.w.org\/{rel}","templated":true}]}}