{"id":535,"date":"2025-06-27T19:11:37","date_gmt":"2025-06-27T17:11:37","guid":{"rendered":"https:\/\/survivalbox.pl\/?page_id=535"},"modified":"2025-06-27T19:11:37","modified_gmt":"2025-06-27T17:11:37","slug":"noze-survivalowe-i-taktyczne","status":"publish","type":"page","link":"https:\/\/survivalbox.pl\/?page_id=535","title":{"rendered":"No\u017ce Survivalowe i Taktyczne"},"content":{"rendered":"\n<div style=\"border: 2px solid #000; padding: 20px; border-radius: 10px; background-color: #000; box-shadow: 2px 2px 10px rgba(0,0,0,0.3); margin-top: 20px;\">\n  <h2 style=\"margin: 0; font-size: 1.5em; color: #fff; font-weight: bold;\">\n    W terenie liczy si\u0119 pewno\u015b\u0107 \u2013 wybierz n\u00f3\u017c, kt\u00f3ry nie zawiedzie w \u017cadnych warunkach\n  <\/h2>\n<\/div>\n\n\n\n\n<div class=\"wp-block-media-text is-stacked-on-mobile\" style=\"grid-template-columns:20% auto\"><figure class=\"wp-block-media-text__media\"><a href=\"https:\/\/survivalbox.pl\/?p=476\"><img loading=\"lazy\" decoding=\"async\" width=\"1024\" height=\"1024\" src=\"https:\/\/survivalbox.pl\/wp-content\/uploads\/2025\/06\/DALL\u00b7E-2025-06-27-19.07.49-A-dark-moody-background-of-a-forest-or-wilderness-terrain.-In-the-foreground-two-knives-are-displayed_-one-is-a-large-rugged-survival-knife-with-a-.webp\" alt=\"\" class=\"wp-image-537 size-full\" srcset=\"https:\/\/survivalbox.pl\/wp-content\/uploads\/2025\/06\/DALL\u00b7E-2025-06-27-19.07.49-A-dark-moody-background-of-a-forest-or-wilderness-terrain.-In-the-foreground-two-knives-are-displayed_-one-is-a-large-rugged-survival-knife-with-a-.webp 1024w, https:\/\/survivalbox.pl\/wp-content\/uploads\/2025\/06\/DALL\u00b7E-2025-06-27-19.07.49-A-dark-moody-background-of-a-forest-or-wilderness-terrain.-In-the-foreground-two-knives-are-displayed_-one-is-a-large-rugged-survival-knife-with-a--300x300.webp 300w, https:\/\/survivalbox.pl\/wp-content\/uploads\/2025\/06\/DALL\u00b7E-2025-06-27-19.07.49-A-dark-moody-background-of-a-forest-or-wilderness-terrain.-In-the-foreground-two-knives-are-displayed_-one-is-a-large-rugged-survival-knife-with-a--150x150.webp 150w, https:\/\/survivalbox.pl\/wp-content\/uploads\/2025\/06\/DALL\u00b7E-2025-06-27-19.07.49-A-dark-moody-background-of-a-forest-or-wilderness-terrain.-In-the-foreground-two-knives-are-displayed_-one-is-a-large-rugged-survival-knife-with-a--768x768.webp 768w, https:\/\/survivalbox.pl\/wp-content\/uploads\/2025\/06\/DALL\u00b7E-2025-06-27-19.07.49-A-dark-moody-background-of-a-forest-or-wilderness-terrain.-In-the-foreground-two-knives-are-displayed_-one-is-a-large-rugged-survival-knife-with-a--450x450.webp 450w, https:\/\/survivalbox.pl\/wp-content\/uploads\/2025\/06\/DALL\u00b7E-2025-06-27-19.07.49-A-dark-moody-background-of-a-forest-or-wilderness-terrain.-In-the-foreground-two-knives-are-displayed_-one-is-a-large-rugged-survival-knife-with-a--600x600.webp 600w, https:\/\/survivalbox.pl\/wp-content\/uploads\/2025\/06\/DALL\u00b7E-2025-06-27-19.07.49-A-dark-moody-background-of-a-forest-or-wilderness-terrain.-In-the-foreground-two-knives-are-displayed_-one-is-a-large-rugged-survival-knife-with-a--100x100.webp 100w\" sizes=\"auto, (max-width: 1024px) 100vw, 1024px\" \/><\/a><\/figure><div class=\"wp-block-media-text__content\">\n<p><a href=\"https:\/\/survivalbox.pl\/?p=476\">\ud83d\udd2a <strong>No\u017ce Survivalowe i Taktyczne<\/strong><br>Zobacz, czym si\u0119 r\u00f3\u017cni\u0105, kt\u00f3ry wybra\u0107 w terenie i na co zwraca\u0107 uwag\u0119.<br>Sprawd\u017a nasz przewodnik \u2013 wybierz m\u0105drze!<\/a><\/p>\n\n\n\n<p><\/p>\n<\/div><\/div>\n","protected":false},"excerpt":{"rendered":"<p>W terenie liczy si\u0119 pewno\u015b\u0107 \u2013 wybierz n\u00f3\u017c, kt\u00f3ry nie zawiedzie w \u017cadnych warunkach \ud83d\udd2a No\u017ce Survivalowe i TaktyczneZobacz, czym si\u0119 r\u00f3\u017cni\u0105, kt\u00f3ry wybra\u0107 w terenie i na co zwraca\u0107 uwag\u0119.Sprawd\u017a nasz przewodnik \u2013 wybierz m\u0105drze!<\/p>\n","protected":false},"author":1,"featured_media":0,"parent":0,"menu_order":0,"comment_status":"closed","ping_status":"closed","template":"","meta":{"footnotes":""},"class_list":["post-535","page","type-page","status-publish","hentry"],"_links":{"self":[{"href":"https:\/\/survivalbox.pl\/index.php?rest_route=\/wp\/v2\/pages\/535","targetHints":{"allow":["GET"]}}],"collection":[{"href":"https:\/\/survivalbox.pl\/index.php?rest_route=\/wp\/v2\/pages"}],"about":[{"href":"https:\/\/survivalbox.pl\/index.php?rest_route=\/wp\/v2\/types\/page"}],"author":[{"embeddable":true,"href":"https:\/\/survivalbox.pl\/index.php?rest_route=\/wp\/v2\/users\/1"}],"replies":[{"embeddable":true,"href":"https:\/\/survivalbox.pl\/index.php?rest_route=%2Fwp%2Fv2%2Fcomments&post=535"}],"version-history":[{"count":1,"href":"https:\/\/survivalbox.pl\/index.php?rest_route=\/wp\/v2\/pages\/535\/revisions"}],"predecessor-version":[{"id":538,"href":"https:\/\/survivalbox.pl\/index.php?rest_route=\/wp\/v2\/pages\/535\/revisions\/538"}],"wp:attachment":[{"href":"https:\/\/survivalbox.pl\/index.php?rest_route=%2Fwp%2Fv2%2Fmedia&parent=535"}],"curies":[{"name":"wp","href":"https:\/\/api.w.org\/{rel}","templated":true}]}}