{"id":191,"date":"2025-06-25T18:13:36","date_gmt":"2025-06-25T16:13:36","guid":{"rendered":"https:\/\/survivalbox.pl\/?page_id=191"},"modified":"2025-06-27T18:52:31","modified_gmt":"2025-06-27T16:52:31","slug":"przyzady-do-lowienia-i-polowania","status":"publish","type":"page","link":"https:\/\/survivalbox.pl\/?page_id=191","title":{"rendered":"Przy\u017c\u0105dy do \u0141owienia i Polowania"},"content":{"rendered":"\n<div class=\"wp-block-columns is-not-stacked-on-mobile is-layout-flex wp-container-core-columns-is-layout-28f84493 wp-block-columns-is-layout-flex\">\n<div class=\"wp-block-column is-layout-flow wp-block-column-is-layout-flow\">\n<figure class=\"wp-block-image size-full\"><img loading=\"lazy\" decoding=\"async\" width=\"1024\" height=\"1024\" src=\"http:\/\/survivalbox.pl\/wp-content\/uploads\/2025\/06\/AFF407FE-C5D9-4D4E-BFB9-FE2DCF386675-1.png\" alt=\"\" class=\"wp-image-316\" srcset=\"https:\/\/survivalbox.pl\/wp-content\/uploads\/2025\/06\/AFF407FE-C5D9-4D4E-BFB9-FE2DCF386675-1.png 1024w, https:\/\/survivalbox.pl\/wp-content\/uploads\/2025\/06\/AFF407FE-C5D9-4D4E-BFB9-FE2DCF386675-1-300x300.png 300w, https:\/\/survivalbox.pl\/wp-content\/uploads\/2025\/06\/AFF407FE-C5D9-4D4E-BFB9-FE2DCF386675-1-150x150.png 150w, https:\/\/survivalbox.pl\/wp-content\/uploads\/2025\/06\/AFF407FE-C5D9-4D4E-BFB9-FE2DCF386675-1-768x768.png 768w, https:\/\/survivalbox.pl\/wp-content\/uploads\/2025\/06\/AFF407FE-C5D9-4D4E-BFB9-FE2DCF386675-1-450x450.png 450w, https:\/\/survivalbox.pl\/wp-content\/uploads\/2025\/06\/AFF407FE-C5D9-4D4E-BFB9-FE2DCF386675-1-600x600.png 600w, https:\/\/survivalbox.pl\/wp-content\/uploads\/2025\/06\/AFF407FE-C5D9-4D4E-BFB9-FE2DCF386675-1-100x100.png 100w\" sizes=\"auto, (max-width: 1024px) 100vw, 1024px\" \/><\/figure>\n<\/div>\n\n\n\n<div class=\"wp-block-column is-layout-flow wp-block-column-is-layout-flow\">\n<figure class=\"wp-block-image size-full\"><img loading=\"lazy\" decoding=\"async\" width=\"1024\" height=\"1024\" src=\"http:\/\/survivalbox.pl\/wp-content\/uploads\/2025\/06\/26ABD417-60DE-4861-8E57-4165E4998A0A-1.png\" alt=\"\" class=\"wp-image-315\" srcset=\"https:\/\/survivalbox.pl\/wp-content\/uploads\/2025\/06\/26ABD417-60DE-4861-8E57-4165E4998A0A-1.png 1024w, https:\/\/survivalbox.pl\/wp-content\/uploads\/2025\/06\/26ABD417-60DE-4861-8E57-4165E4998A0A-1-300x300.png 300w, https:\/\/survivalbox.pl\/wp-content\/uploads\/2025\/06\/26ABD417-60DE-4861-8E57-4165E4998A0A-1-150x150.png 150w, https:\/\/survivalbox.pl\/wp-content\/uploads\/2025\/06\/26ABD417-60DE-4861-8E57-4165E4998A0A-1-768x768.png 768w, https:\/\/survivalbox.pl\/wp-content\/uploads\/2025\/06\/26ABD417-60DE-4861-8E57-4165E4998A0A-1-450x450.png 450w, https:\/\/survivalbox.pl\/wp-content\/uploads\/2025\/06\/26ABD417-60DE-4861-8E57-4165E4998A0A-1-600x600.png 600w, https:\/\/survivalbox.pl\/wp-content\/uploads\/2025\/06\/26ABD417-60DE-4861-8E57-4165E4998A0A-1-100x100.png 100w\" sizes=\"auto, (max-width: 1024px) 100vw, 1024px\" \/><\/figure>\n<\/div>\n\n\n\n<div class=\"wp-block-column is-layout-flow wp-block-column-is-layout-flow\">\n<figure class=\"wp-block-image size-full\"><img loading=\"lazy\" decoding=\"async\" width=\"1024\" height=\"1024\" src=\"http:\/\/survivalbox.pl\/wp-content\/uploads\/2025\/06\/3DE63CAF-6F90-4C2C-870E-1D7A977B2BFB-1.png\" alt=\"\" class=\"wp-image-314\" srcset=\"https:\/\/survivalbox.pl\/wp-content\/uploads\/2025\/06\/3DE63CAF-6F90-4C2C-870E-1D7A977B2BFB-1.png 1024w, https:\/\/survivalbox.pl\/wp-content\/uploads\/2025\/06\/3DE63CAF-6F90-4C2C-870E-1D7A977B2BFB-1-300x300.png 300w, https:\/\/survivalbox.pl\/wp-content\/uploads\/2025\/06\/3DE63CAF-6F90-4C2C-870E-1D7A977B2BFB-1-150x150.png 150w, https:\/\/survivalbox.pl\/wp-content\/uploads\/2025\/06\/3DE63CAF-6F90-4C2C-870E-1D7A977B2BFB-1-768x768.png 768w, https:\/\/survivalbox.pl\/wp-content\/uploads\/2025\/06\/3DE63CAF-6F90-4C2C-870E-1D7A977B2BFB-1-450x450.png 450w, https:\/\/survivalbox.pl\/wp-content\/uploads\/2025\/06\/3DE63CAF-6F90-4C2C-870E-1D7A977B2BFB-1-600x600.png 600w, https:\/\/survivalbox.pl\/wp-content\/uploads\/2025\/06\/3DE63CAF-6F90-4C2C-870E-1D7A977B2BFB-1-100x100.png 100w\" sizes=\"auto, (max-width: 1024px) 100vw, 1024px\" \/><\/figure>\n<\/div>\n\n\n\n<div class=\"wp-block-column is-layout-flow wp-block-column-is-layout-flow\">\n<figure class=\"wp-block-image size-full\"><img loading=\"lazy\" decoding=\"async\" width=\"1024\" height=\"1024\" src=\"http:\/\/survivalbox.pl\/wp-content\/uploads\/2025\/06\/F0724C20-8853-4F15-98EC-DB9347B7A657-1.png\" alt=\"\" class=\"wp-image-313\" srcset=\"https:\/\/survivalbox.pl\/wp-content\/uploads\/2025\/06\/F0724C20-8853-4F15-98EC-DB9347B7A657-1.png 1024w, https:\/\/survivalbox.pl\/wp-content\/uploads\/2025\/06\/F0724C20-8853-4F15-98EC-DB9347B7A657-1-300x300.png 300w, https:\/\/survivalbox.pl\/wp-content\/uploads\/2025\/06\/F0724C20-8853-4F15-98EC-DB9347B7A657-1-150x150.png 150w, https:\/\/survivalbox.pl\/wp-content\/uploads\/2025\/06\/F0724C20-8853-4F15-98EC-DB9347B7A657-1-768x768.png 768w, https:\/\/survivalbox.pl\/wp-content\/uploads\/2025\/06\/F0724C20-8853-4F15-98EC-DB9347B7A657-1-450x450.png 450w, https:\/\/survivalbox.pl\/wp-content\/uploads\/2025\/06\/F0724C20-8853-4F15-98EC-DB9347B7A657-1-600x600.png 600w, https:\/\/survivalbox.pl\/wp-content\/uploads\/2025\/06\/F0724C20-8853-4F15-98EC-DB9347B7A657-1-100x100.png 100w\" sizes=\"auto, (max-width: 1024px) 100vw, 1024px\" \/><\/figure>\n<\/div>\n\n\n\n<div class=\"wp-block-column is-layout-flow wp-block-column-is-layout-flow\">\n<figure class=\"wp-block-image size-full\"><img loading=\"lazy\" decoding=\"async\" width=\"1024\" height=\"1024\" src=\"http:\/\/survivalbox.pl\/wp-content\/uploads\/2025\/06\/C7CD2356-C989-4330-AC22-45EDC1D4EF29-3.png\" alt=\"\" class=\"wp-image-312\" srcset=\"https:\/\/survivalbox.pl\/wp-content\/uploads\/2025\/06\/C7CD2356-C989-4330-AC22-45EDC1D4EF29-3.png 1024w, https:\/\/survivalbox.pl\/wp-content\/uploads\/2025\/06\/C7CD2356-C989-4330-AC22-45EDC1D4EF29-3-300x300.png 300w, https:\/\/survivalbox.pl\/wp-content\/uploads\/2025\/06\/C7CD2356-C989-4330-AC22-45EDC1D4EF29-3-150x150.png 150w\" sizes=\"auto, (max-width: 1024px) 100vw, 1024px\" \/><\/figure>\n<\/div>\n\n\n\n<div class=\"wp-block-column is-layout-flow wp-block-column-is-layout-flow\">\n<figure class=\"wp-block-image size-full\"><img loading=\"lazy\" decoding=\"async\" width=\"1024\" height=\"1024\" src=\"http:\/\/survivalbox.pl\/wp-content\/uploads\/2025\/06\/14A04E3A-7A02-49F9-923A-87AA53A1A763-1.png\" alt=\"\" class=\"wp-image-310\" srcset=\"https:\/\/survivalbox.pl\/wp-content\/uploads\/2025\/06\/14A04E3A-7A02-49F9-923A-87AA53A1A763-1.png 1024w, https:\/\/survivalbox.pl\/wp-content\/uploads\/2025\/06\/14A04E3A-7A02-49F9-923A-87AA53A1A763-1-300x300.png 300w, https:\/\/survivalbox.pl\/wp-content\/uploads\/2025\/06\/14A04E3A-7A02-49F9-923A-87AA53A1A763-1-150x150.png 150w\" sizes=\"auto, (max-width: 1024px) 100vw, 1024px\" \/><\/figure>\n<\/div>\n<\/div>\n\n\n\n<div class=\"wp-block-columns is-not-stacked-on-mobile is-layout-flex wp-container-core-columns-is-layout-28f84493 wp-block-columns-is-layout-flex\">\n<div class=\"wp-block-column is-layout-flow wp-block-column-is-layout-flow\">\n<figure class=\"wp-block-image size-full\"><img loading=\"lazy\" decoding=\"async\" width=\"1024\" height=\"1024\" src=\"http:\/\/survivalbox.pl\/wp-content\/uploads\/2025\/06\/B0843DD7-05AD-4967-B86C-33E88CC3FF77-1.png\" alt=\"\" class=\"wp-image-309\" srcset=\"https:\/\/survivalbox.pl\/wp-content\/uploads\/2025\/06\/B0843DD7-05AD-4967-B86C-33E88CC3FF77-1.png 1024w, https:\/\/survivalbox.pl\/wp-content\/uploads\/2025\/06\/B0843DD7-05AD-4967-B86C-33E88CC3FF77-1-300x300.png 300w, https:\/\/survivalbox.pl\/wp-content\/uploads\/2025\/06\/B0843DD7-05AD-4967-B86C-33E88CC3FF77-1-150x150.png 150w\" sizes=\"auto, (max-width: 1024px) 100vw, 1024px\" \/><\/figure>\n<\/div>\n\n\n\n<div class=\"wp-block-column is-layout-flow wp-block-column-is-layout-flow\">\n<figure class=\"wp-block-image size-full\"><img loading=\"lazy\" decoding=\"async\" width=\"1024\" height=\"1024\" src=\"http:\/\/survivalbox.pl\/wp-content\/uploads\/2025\/06\/5B46D38C-2CCE-439B-9A49-5ACCF1254F54-1.png\" alt=\"\" class=\"wp-image-308\" srcset=\"https:\/\/survivalbox.pl\/wp-content\/uploads\/2025\/06\/5B46D38C-2CCE-439B-9A49-5ACCF1254F54-1.png 1024w, https:\/\/survivalbox.pl\/wp-content\/uploads\/2025\/06\/5B46D38C-2CCE-439B-9A49-5ACCF1254F54-1-300x300.png 300w, https:\/\/survivalbox.pl\/wp-content\/uploads\/2025\/06\/5B46D38C-2CCE-439B-9A49-5ACCF1254F54-1-150x150.png 150w, https:\/\/survivalbox.pl\/wp-content\/uploads\/2025\/06\/5B46D38C-2CCE-439B-9A49-5ACCF1254F54-1-768x768.png 768w\" sizes=\"auto, (max-width: 1024px) 100vw, 1024px\" \/><\/figure>\n<\/div>\n\n\n\n<div class=\"wp-block-column is-layout-flow wp-block-column-is-layout-flow\">\n<figure class=\"wp-block-image size-full\"><img loading=\"lazy\" decoding=\"async\" width=\"1024\" height=\"1024\" src=\"http:\/\/survivalbox.pl\/wp-content\/uploads\/2025\/06\/8461DEB6-0744-40B5-A416-9BA277DC6790-1.png\" alt=\"\" class=\"wp-image-307\" srcset=\"https:\/\/survivalbox.pl\/wp-content\/uploads\/2025\/06\/8461DEB6-0744-40B5-A416-9BA277DC6790-1.png 1024w, https:\/\/survivalbox.pl\/wp-content\/uploads\/2025\/06\/8461DEB6-0744-40B5-A416-9BA277DC6790-1-300x300.png 300w, https:\/\/survivalbox.pl\/wp-content\/uploads\/2025\/06\/8461DEB6-0744-40B5-A416-9BA277DC6790-1-150x150.png 150w\" sizes=\"auto, (max-width: 1024px) 100vw, 1024px\" \/><\/figure>\n<\/div>\n\n\n\n<div class=\"wp-block-column is-layout-flow wp-block-column-is-layout-flow\">\n<figure class=\"wp-block-image size-full\"><img loading=\"lazy\" decoding=\"async\" width=\"1024\" height=\"1024\" src=\"http:\/\/survivalbox.pl\/wp-content\/uploads\/2025\/06\/256F98C9-868D-47C1-BB40-8B7BB893AEAD-1.png\" alt=\"\" class=\"wp-image-306\" srcset=\"https:\/\/survivalbox.pl\/wp-content\/uploads\/2025\/06\/256F98C9-868D-47C1-BB40-8B7BB893AEAD-1.png 1024w, https:\/\/survivalbox.pl\/wp-content\/uploads\/2025\/06\/256F98C9-868D-47C1-BB40-8B7BB893AEAD-1-300x300.png 300w, https:\/\/survivalbox.pl\/wp-content\/uploads\/2025\/06\/256F98C9-868D-47C1-BB40-8B7BB893AEAD-1-150x150.png 150w, https:\/\/survivalbox.pl\/wp-content\/uploads\/2025\/06\/256F98C9-868D-47C1-BB40-8B7BB893AEAD-1-768x768.png 768w\" sizes=\"auto, (max-width: 1024px) 100vw, 1024px\" \/><\/figure>\n<\/div>\n\n\n\n<div class=\"wp-block-column is-layout-flow wp-block-column-is-layout-flow\">\n<figure class=\"wp-block-image size-full\"><img loading=\"lazy\" decoding=\"async\" width=\"1024\" height=\"1024\" src=\"http:\/\/survivalbox.pl\/wp-content\/uploads\/2025\/06\/67234347-0034-4B34-8FCC-0DEB68E7E6CC-1.png\" alt=\"\" class=\"wp-image-305\" srcset=\"https:\/\/survivalbox.pl\/wp-content\/uploads\/2025\/06\/67234347-0034-4B34-8FCC-0DEB68E7E6CC-1.png 1024w, https:\/\/survivalbox.pl\/wp-content\/uploads\/2025\/06\/67234347-0034-4B34-8FCC-0DEB68E7E6CC-1-300x300.png 300w, https:\/\/survivalbox.pl\/wp-content\/uploads\/2025\/06\/67234347-0034-4B34-8FCC-0DEB68E7E6CC-1-150x150.png 150w, https:\/\/survivalbox.pl\/wp-content\/uploads\/2025\/06\/67234347-0034-4B34-8FCC-0DEB68E7E6CC-1-768x768.png 768w\" sizes=\"auto, (max-width: 1024px) 100vw, 1024px\" \/><\/figure>\n<\/div>\n\n\n\n<div class=\"wp-block-column is-layout-flow wp-block-column-is-layout-flow\">\n<figure class=\"wp-block-image size-full\"><img loading=\"lazy\" decoding=\"async\" width=\"1024\" height=\"1024\" src=\"http:\/\/survivalbox.pl\/wp-content\/uploads\/2025\/06\/E956F037-6A5E-47B7-9AD1-D2899297E4F6-1.png\" alt=\"\" class=\"wp-image-304\" srcset=\"https:\/\/survivalbox.pl\/wp-content\/uploads\/2025\/06\/E956F037-6A5E-47B7-9AD1-D2899297E4F6-1.png 1024w, https:\/\/survivalbox.pl\/wp-content\/uploads\/2025\/06\/E956F037-6A5E-47B7-9AD1-D2899297E4F6-1-300x300.png 300w, https:\/\/survivalbox.pl\/wp-content\/uploads\/2025\/06\/E956F037-6A5E-47B7-9AD1-D2899297E4F6-1-150x150.png 150w, https:\/\/survivalbox.pl\/wp-content\/uploads\/2025\/06\/E956F037-6A5E-47B7-9AD1-D2899297E4F6-1-768x768.png 768w\" sizes=\"auto, (max-width: 1024px) 100vw, 1024px\" \/><\/figure>\n<\/div>\n<\/div>\n\n\n\n<p><\/p>\n","protected":false},"excerpt":{"rendered":"","protected":false},"author":1,"featured_media":0,"parent":0,"menu_order":0,"comment_status":"closed","ping_status":"closed","template":"","meta":{"footnotes":""},"class_list":["post-191","page","type-page","status-publish","hentry"],"_links":{"self":[{"href":"https:\/\/survivalbox.pl\/index.php?rest_route=\/wp\/v2\/pages\/191","targetHints":{"allow":["GET"]}}],"collection":[{"href":"https:\/\/survivalbox.pl\/index.php?rest_route=\/wp\/v2\/pages"}],"about":[{"href":"https:\/\/survivalbox.pl\/index.php?rest_route=\/wp\/v2\/types\/page"}],"author":[{"embeddable":true,"href":"https:\/\/survivalbox.pl\/index.php?rest_route=\/wp\/v2\/users\/1"}],"replies":[{"embeddable":true,"href":"https:\/\/survivalbox.pl\/index.php?rest_route=%2Fwp%2Fv2%2Fcomments&post=191"}],"version-history":[{"count":6,"href":"https:\/\/survivalbox.pl\/index.php?rest_route=\/wp\/v2\/pages\/191\/revisions"}],"predecessor-version":[{"id":526,"href":"https:\/\/survivalbox.pl\/index.php?rest_route=\/wp\/v2\/pages\/191\/revisions\/526"}],"wp:attachment":[{"href":"https:\/\/survivalbox.pl\/index.php?rest_route=%2Fwp%2Fv2%2Fmedia&parent=191"}],"curies":[{"name":"wp","href":"https:\/\/api.w.org\/{rel}","templated":true}]}}