{"id":168,"date":"2025-06-25T17:59:04","date_gmt":"2025-06-25T15:59:04","guid":{"rendered":"https:\/\/survivalbox.pl\/?page_id=168"},"modified":"2025-06-27T18:51:47","modified_gmt":"2025-06-27T16:51:47","slug":"gotowanie-i-zywnosc","status":"publish","type":"page","link":"https:\/\/survivalbox.pl\/?page_id=168","title":{"rendered":"Gotowanie i \u017bywno\u015b\u0107"},"content":{"rendered":"\n<div class=\"wp-block-columns is-not-stacked-on-mobile is-layout-flex wp-container-core-columns-is-layout-28f84493 wp-block-columns-is-layout-flex\">\n<div class=\"wp-block-column is-layout-flow wp-block-column-is-layout-flow\">\n<figure class=\"wp-block-image size-full\"><img loading=\"lazy\" decoding=\"async\" width=\"1024\" height=\"1024\" src=\"http:\/\/survivalbox.pl\/wp-content\/uploads\/2025\/06\/9229A7CC-F507-496C-9454-7F95030632FE.png\" alt=\"\" class=\"wp-image-125\" srcset=\"https:\/\/survivalbox.pl\/wp-content\/uploads\/2025\/06\/9229A7CC-F507-496C-9454-7F95030632FE.png 1024w, https:\/\/survivalbox.pl\/wp-content\/uploads\/2025\/06\/9229A7CC-F507-496C-9454-7F95030632FE-300x300.png 300w, https:\/\/survivalbox.pl\/wp-content\/uploads\/2025\/06\/9229A7CC-F507-496C-9454-7F95030632FE-150x150.png 150w\" sizes=\"auto, (max-width: 1024px) 100vw, 1024px\" \/><\/figure>\n<\/div>\n\n\n\n<div class=\"wp-block-column is-layout-flow wp-block-column-is-layout-flow\">\n<figure class=\"wp-block-image size-full\"><img loading=\"lazy\" decoding=\"async\" width=\"1024\" height=\"1024\" src=\"http:\/\/survivalbox.pl\/wp-content\/uploads\/2025\/06\/5AF5555F-9C9D-44C5-B8B7-3164F04F613E.png\" alt=\"\" class=\"wp-image-126\" srcset=\"https:\/\/survivalbox.pl\/wp-content\/uploads\/2025\/06\/5AF5555F-9C9D-44C5-B8B7-3164F04F613E.png 1024w, https:\/\/survivalbox.pl\/wp-content\/uploads\/2025\/06\/5AF5555F-9C9D-44C5-B8B7-3164F04F613E-300x300.png 300w, https:\/\/survivalbox.pl\/wp-content\/uploads\/2025\/06\/5AF5555F-9C9D-44C5-B8B7-3164F04F613E-150x150.png 150w\" sizes=\"auto, (max-width: 1024px) 100vw, 1024px\" \/><\/figure>\n<\/div>\n\n\n\n<div class=\"wp-block-column is-layout-flow wp-block-column-is-layout-flow\">\n<figure class=\"wp-block-image size-full\"><img loading=\"lazy\" decoding=\"async\" width=\"1024\" height=\"1024\" src=\"http:\/\/survivalbox.pl\/wp-content\/uploads\/2025\/06\/BD05DEEA-7BED-40EE-92C6-63AB49D7C1CE.png\" alt=\"\" class=\"wp-image-127\" srcset=\"https:\/\/survivalbox.pl\/wp-content\/uploads\/2025\/06\/BD05DEEA-7BED-40EE-92C6-63AB49D7C1CE.png 1024w, https:\/\/survivalbox.pl\/wp-content\/uploads\/2025\/06\/BD05DEEA-7BED-40EE-92C6-63AB49D7C1CE-300x300.png 300w, https:\/\/survivalbox.pl\/wp-content\/uploads\/2025\/06\/BD05DEEA-7BED-40EE-92C6-63AB49D7C1CE-150x150.png 150w\" sizes=\"auto, (max-width: 1024px) 100vw, 1024px\" \/><\/figure>\n<\/div>\n\n\n\n<div class=\"wp-block-column is-layout-flow wp-block-column-is-layout-flow\">\n<figure class=\"wp-block-image size-full\"><img loading=\"lazy\" decoding=\"async\" width=\"1024\" height=\"1024\" src=\"http:\/\/survivalbox.pl\/wp-content\/uploads\/2025\/06\/77753B3D-63C6-4B74-BE4F-DB3A509A1EE6.png\" alt=\"\" class=\"wp-image-128\" srcset=\"https:\/\/survivalbox.pl\/wp-content\/uploads\/2025\/06\/77753B3D-63C6-4B74-BE4F-DB3A509A1EE6.png 1024w, https:\/\/survivalbox.pl\/wp-content\/uploads\/2025\/06\/77753B3D-63C6-4B74-BE4F-DB3A509A1EE6-300x300.png 300w, https:\/\/survivalbox.pl\/wp-content\/uploads\/2025\/06\/77753B3D-63C6-4B74-BE4F-DB3A509A1EE6-150x150.png 150w\" sizes=\"auto, (max-width: 1024px) 100vw, 1024px\" \/><\/figure>\n<\/div>\n\n\n\n<div class=\"wp-block-column is-layout-flow wp-block-column-is-layout-flow\">\n<figure class=\"wp-block-image size-full\"><img loading=\"lazy\" decoding=\"async\" width=\"1024\" height=\"1024\" src=\"http:\/\/survivalbox.pl\/wp-content\/uploads\/2025\/06\/5CD06541-1021-468F-B83B-F1137EFA6DD1.png\" alt=\"\" class=\"wp-image-129\" srcset=\"https:\/\/survivalbox.pl\/wp-content\/uploads\/2025\/06\/5CD06541-1021-468F-B83B-F1137EFA6DD1.png 1024w, https:\/\/survivalbox.pl\/wp-content\/uploads\/2025\/06\/5CD06541-1021-468F-B83B-F1137EFA6DD1-300x300.png 300w, https:\/\/survivalbox.pl\/wp-content\/uploads\/2025\/06\/5CD06541-1021-468F-B83B-F1137EFA6DD1-150x150.png 150w\" sizes=\"auto, (max-width: 1024px) 100vw, 1024px\" \/><\/figure>\n<\/div>\n\n\n\n<div class=\"wp-block-column is-layout-flow wp-block-column-is-layout-flow\">\n<figure class=\"wp-block-image size-full\"><img loading=\"lazy\" decoding=\"async\" width=\"1024\" height=\"1024\" src=\"http:\/\/survivalbox.pl\/wp-content\/uploads\/2025\/06\/30FF3E5B-F72A-46BA-9385-246CA3BE33AB.png\" alt=\"\" class=\"wp-image-130\" srcset=\"https:\/\/survivalbox.pl\/wp-content\/uploads\/2025\/06\/30FF3E5B-F72A-46BA-9385-246CA3BE33AB.png 1024w, https:\/\/survivalbox.pl\/wp-content\/uploads\/2025\/06\/30FF3E5B-F72A-46BA-9385-246CA3BE33AB-300x300.png 300w, https:\/\/survivalbox.pl\/wp-content\/uploads\/2025\/06\/30FF3E5B-F72A-46BA-9385-246CA3BE33AB-150x150.png 150w\" sizes=\"auto, (max-width: 1024px) 100vw, 1024px\" \/><\/figure>\n<\/div>\n<\/div>\n\n\n\n<div class=\"wp-block-columns is-not-stacked-on-mobile is-layout-flex wp-container-core-columns-is-layout-28f84493 wp-block-columns-is-layout-flex\">\n<div class=\"wp-block-column is-layout-flow wp-block-column-is-layout-flow\">\n<figure class=\"wp-block-image size-full\"><img loading=\"lazy\" decoding=\"async\" width=\"1024\" height=\"1024\" src=\"http:\/\/survivalbox.pl\/wp-content\/uploads\/2025\/06\/E4FC2563-FECA-4190-B664-2C490D804F87.png\" alt=\"\" class=\"wp-image-131\" srcset=\"https:\/\/survivalbox.pl\/wp-content\/uploads\/2025\/06\/E4FC2563-FECA-4190-B664-2C490D804F87.png 1024w, https:\/\/survivalbox.pl\/wp-content\/uploads\/2025\/06\/E4FC2563-FECA-4190-B664-2C490D804F87-300x300.png 300w, https:\/\/survivalbox.pl\/wp-content\/uploads\/2025\/06\/E4FC2563-FECA-4190-B664-2C490D804F87-150x150.png 150w\" sizes=\"auto, (max-width: 1024px) 100vw, 1024px\" \/><\/figure>\n<\/div>\n\n\n\n<div class=\"wp-block-column is-layout-flow wp-block-column-is-layout-flow\">\n<figure class=\"wp-block-image size-full\"><img loading=\"lazy\" decoding=\"async\" width=\"1024\" height=\"1024\" src=\"http:\/\/survivalbox.pl\/wp-content\/uploads\/2025\/06\/960902CD-7089-498A-A692-CA08C18B8D27.png\" alt=\"\" class=\"wp-image-132\" srcset=\"https:\/\/survivalbox.pl\/wp-content\/uploads\/2025\/06\/960902CD-7089-498A-A692-CA08C18B8D27.png 1024w, https:\/\/survivalbox.pl\/wp-content\/uploads\/2025\/06\/960902CD-7089-498A-A692-CA08C18B8D27-300x300.png 300w, https:\/\/survivalbox.pl\/wp-content\/uploads\/2025\/06\/960902CD-7089-498A-A692-CA08C18B8D27-150x150.png 150w\" sizes=\"auto, (max-width: 1024px) 100vw, 1024px\" \/><\/figure>\n<\/div>\n\n\n\n<div class=\"wp-block-column is-layout-flow wp-block-column-is-layout-flow\">\n<figure class=\"wp-block-image size-full\"><img loading=\"lazy\" decoding=\"async\" width=\"1024\" height=\"1024\" src=\"http:\/\/survivalbox.pl\/wp-content\/uploads\/2025\/06\/E419AFA9-48F4-4933-A5E4-64390FBCCC55.png\" alt=\"\" class=\"wp-image-133\" srcset=\"https:\/\/survivalbox.pl\/wp-content\/uploads\/2025\/06\/E419AFA9-48F4-4933-A5E4-64390FBCCC55.png 1024w, https:\/\/survivalbox.pl\/wp-content\/uploads\/2025\/06\/E419AFA9-48F4-4933-A5E4-64390FBCCC55-300x300.png 300w, https:\/\/survivalbox.pl\/wp-content\/uploads\/2025\/06\/E419AFA9-48F4-4933-A5E4-64390FBCCC55-150x150.png 150w\" sizes=\"auto, (max-width: 1024px) 100vw, 1024px\" \/><\/figure>\n<\/div>\n\n\n\n<div class=\"wp-block-column is-layout-flow wp-block-column-is-layout-flow\">\n<figure class=\"wp-block-image size-full\"><img loading=\"lazy\" decoding=\"async\" width=\"1024\" height=\"1024\" src=\"http:\/\/survivalbox.pl\/wp-content\/uploads\/2025\/06\/A37A6A74-C4B2-4CAC-9000-1D7C7AC7EF2A.png\" alt=\"\" class=\"wp-image-134\" srcset=\"https:\/\/survivalbox.pl\/wp-content\/uploads\/2025\/06\/A37A6A74-C4B2-4CAC-9000-1D7C7AC7EF2A.png 1024w, https:\/\/survivalbox.pl\/wp-content\/uploads\/2025\/06\/A37A6A74-C4B2-4CAC-9000-1D7C7AC7EF2A-300x300.png 300w, https:\/\/survivalbox.pl\/wp-content\/uploads\/2025\/06\/A37A6A74-C4B2-4CAC-9000-1D7C7AC7EF2A-150x150.png 150w\" sizes=\"auto, (max-width: 1024px) 100vw, 1024px\" \/><\/figure>\n<\/div>\n\n\n\n<div class=\"wp-block-column is-layout-flow wp-block-column-is-layout-flow\">\n<figure class=\"wp-block-image size-full\"><img loading=\"lazy\" decoding=\"async\" width=\"1024\" height=\"1024\" src=\"http:\/\/survivalbox.pl\/wp-content\/uploads\/2025\/06\/5001AE01-A883-4445-A153-C5042D3A200A.png\" alt=\"\" class=\"wp-image-432\" srcset=\"https:\/\/survivalbox.pl\/wp-content\/uploads\/2025\/06\/5001AE01-A883-4445-A153-C5042D3A200A.png 1024w, https:\/\/survivalbox.pl\/wp-content\/uploads\/2025\/06\/5001AE01-A883-4445-A153-C5042D3A200A-300x300.png 300w, https:\/\/survivalbox.pl\/wp-content\/uploads\/2025\/06\/5001AE01-A883-4445-A153-C5042D3A200A-150x150.png 150w, https:\/\/survivalbox.pl\/wp-content\/uploads\/2025\/06\/5001AE01-A883-4445-A153-C5042D3A200A-768x768.png 768w\" sizes=\"auto, (max-width: 1024px) 100vw, 1024px\" \/><\/figure>\n<\/div>\n\n\n\n<div class=\"wp-block-column is-layout-flow wp-block-column-is-layout-flow\">\n<figure class=\"wp-block-image size-full\"><img loading=\"lazy\" decoding=\"async\" width=\"1024\" height=\"1024\" src=\"http:\/\/survivalbox.pl\/wp-content\/uploads\/2025\/06\/728FAF0F-EA96-49B8-A8C0-15CF80FA7B43.png\" alt=\"\" class=\"wp-image-433\" srcset=\"https:\/\/survivalbox.pl\/wp-content\/uploads\/2025\/06\/728FAF0F-EA96-49B8-A8C0-15CF80FA7B43.png 1024w, https:\/\/survivalbox.pl\/wp-content\/uploads\/2025\/06\/728FAF0F-EA96-49B8-A8C0-15CF80FA7B43-300x300.png 300w, https:\/\/survivalbox.pl\/wp-content\/uploads\/2025\/06\/728FAF0F-EA96-49B8-A8C0-15CF80FA7B43-150x150.png 150w\" sizes=\"auto, (max-width: 1024px) 100vw, 1024px\" \/><\/figure>\n<\/div>\n<\/div>\n\n\n\n<p><\/p>\n","protected":false},"excerpt":{"rendered":"","protected":false},"author":1,"featured_media":0,"parent":0,"menu_order":0,"comment_status":"closed","ping_status":"closed","template":"","meta":{"footnotes":""},"class_list":["post-168","page","type-page","status-publish","hentry"],"_links":{"self":[{"href":"https:\/\/survivalbox.pl\/index.php?rest_route=\/wp\/v2\/pages\/168","targetHints":{"allow":["GET"]}}],"collection":[{"href":"https:\/\/survivalbox.pl\/index.php?rest_route=\/wp\/v2\/pages"}],"about":[{"href":"https:\/\/survivalbox.pl\/index.php?rest_route=\/wp\/v2\/types\/page"}],"author":[{"embeddable":true,"href":"https:\/\/survivalbox.pl\/index.php?rest_route=\/wp\/v2\/users\/1"}],"replies":[{"embeddable":true,"href":"https:\/\/survivalbox.pl\/index.php?rest_route=%2Fwp%2Fv2%2Fcomments&post=168"}],"version-history":[{"count":8,"href":"https:\/\/survivalbox.pl\/index.php?rest_route=\/wp\/v2\/pages\/168\/revisions"}],"predecessor-version":[{"id":520,"href":"https:\/\/survivalbox.pl\/index.php?rest_route=\/wp\/v2\/pages\/168\/revisions\/520"}],"wp:attachment":[{"href":"https:\/\/survivalbox.pl\/index.php?rest_route=%2Fwp%2Fv2%2Fmedia&parent=168"}],"curies":[{"name":"wp","href":"https:\/\/api.w.org\/{rel}","templated":true}]}}